{"id":117,"date":"2025-10-17T10:36:12","date_gmt":"2025-10-17T10:36:12","guid":{"rendered":"https:\/\/puhtipalvelut.fi\/?page_id=117"},"modified":"2025-10-17T11:20:58","modified_gmt":"2025-10-17T11:20:58","slug":"galleria","status":"publish","type":"page","link":"https:\/\/puhtipalvelut.fi\/?page_id=117","title":{"rendered":"Galleria"},"content":{"rendered":"<div id='gallery-1' class='gallery galleryid-117 gallery-columns-3 gallery-size-thumbnail'><figure class='gallery-item'>\n\t\t\t<div class='gallery-icon portrait'>\n\t\t\t\t<a href='https:\/\/puhtipalvelut.fi\/?attachment_id=115'><img decoding=\"async\" width=\"150\" height=\"150\" src=\"https:\/\/puhtipalvelut.fi\/wp-content\/uploads\/2025\/10\/IMG_2044-1-150x150.jpg\" class=\"attachment-thumbnail size-thumbnail\" alt=\"\" aria-describedby=\"gallery-1-115\" \/><\/a>\n\t\t\t<\/div>\n\t\t\t\t<figcaption class='wp-caption-text gallery-caption' id='gallery-1-115'>\n\t\t\t\tPinnoitettu tiilikatto\n\t\t\t\t<\/figcaption><\/figure><figure class='gallery-item'>\n\t\t\t<div class='gallery-icon portrait'>\n\t\t\t\t<a href='https:\/\/puhtipalvelut.fi\/?attachment_id=114'><img decoding=\"async\" width=\"150\" height=\"150\" src=\"https:\/\/puhtipalvelut.fi\/wp-content\/uploads\/2025\/10\/IMG_2043-1-150x150.jpg\" class=\"attachment-thumbnail size-thumbnail\" alt=\"\" \/><\/a>\n\t\t\t<\/div><\/figure><figure class='gallery-item'>\n\t\t\t<div class='gallery-icon portrait'>\n\t\t\t\t<a href='https:\/\/puhtipalvelut.fi\/?attachment_id=113'><img decoding=\"async\" width=\"150\" height=\"150\" src=\"https:\/\/puhtipalvelut.fi\/wp-content\/uploads\/2025\/10\/IMG_2032-1-150x150.jpg\" class=\"attachment-thumbnail size-thumbnail\" alt=\"\" aria-describedby=\"gallery-1-113\" \/><\/a>\n\t\t\t<\/div>\n\t\t\t\t<figcaption class='wp-caption-text gallery-caption' id='gallery-1-113'>\n\t\t\t\tHuoltomaalattu peltikatto\n\t\t\t\t<\/figcaption><\/figure><figure class='gallery-item'>\n\t\t\t<div class='gallery-icon portrait'>\n\t\t\t\t<a href='https:\/\/puhtipalvelut.fi\/?attachment_id=112'><img loading=\"lazy\" decoding=\"async\" width=\"150\" height=\"150\" src=\"https:\/\/puhtipalvelut.fi\/wp-content\/uploads\/2025\/10\/IMG_1965-1-150x150.jpg\" class=\"attachment-thumbnail size-thumbnail\" alt=\"\" aria-describedby=\"gallery-1-112\" \/><\/a>\n\t\t\t<\/div>\n\t\t\t\t<figcaption class='wp-caption-text gallery-caption' id='gallery-1-112'>\n\t\t\t\tPinnoitettu tiilikatto\n\t\t\t\t<\/figcaption><\/figure><figure class='gallery-item'>\n\t\t\t<div class='gallery-icon portrait'>\n\t\t\t\t<a href='https:\/\/puhtipalvelut.fi\/?attachment_id=111'><img loading=\"lazy\" decoding=\"async\" width=\"150\" height=\"150\" src=\"https:\/\/puhtipalvelut.fi\/wp-content\/uploads\/2025\/10\/IMG_1962-150x150.jpg\" class=\"attachment-thumbnail size-thumbnail\" alt=\"\" \/><\/a>\n\t\t\t<\/div><\/figure><figure class='gallery-item'>\n\t\t\t<div class='gallery-icon portrait'>\n\t\t\t\t<a href='https:\/\/puhtipalvelut.fi\/?attachment_id=110'><img loading=\"lazy\" decoding=\"async\" width=\"150\" height=\"150\" src=\"https:\/\/puhtipalvelut.fi\/wp-content\/uploads\/2025\/10\/IMG_1945-1-150x150.jpg\" class=\"attachment-thumbnail size-thumbnail\" alt=\"\" aria-describedby=\"gallery-1-110\" \/><\/a>\n\t\t\t<\/div>\n\t\t\t\t<figcaption class='wp-caption-text gallery-caption' id='gallery-1-110'>\n\t\t\t\tPinnoitettu tiilikatto\n\t\t\t\t<\/figcaption><\/figure><figure class='gallery-item'>\n\t\t\t<div class='gallery-icon portrait'>\n\t\t\t\t<a href='https:\/\/puhtipalvelut.fi\/?attachment_id=109'><img loading=\"lazy\" decoding=\"async\" width=\"150\" height=\"150\" src=\"https:\/\/puhtipalvelut.fi\/wp-content\/uploads\/2025\/10\/IMG_1940-1-150x150.jpg\" class=\"attachment-thumbnail size-thumbnail\" alt=\"\" \/><\/a>\n\t\t\t<\/div><\/figure><figure class='gallery-item'>\n\t\t\t<div class='gallery-icon portrait'>\n\t\t\t\t<a href='https:\/\/puhtipalvelut.fi\/?attachment_id=108'><img loading=\"lazy\" decoding=\"async\" width=\"150\" height=\"150\" src=\"https:\/\/puhtipalvelut.fi\/wp-content\/uploads\/2025\/10\/IMG_1584-1-150x150.jpg\" class=\"attachment-thumbnail size-thumbnail\" alt=\"\" \/><\/a>\n\t\t\t<\/div><\/figure><figure class='gallery-item'>\n\t\t\t<div class='gallery-icon portrait'>\n\t\t\t\t<a href='https:\/\/puhtipalvelut.fi\/?attachment_id=107'><img loading=\"lazy\" decoding=\"async\" width=\"150\" height=\"150\" src=\"https:\/\/puhtipalvelut.fi\/wp-content\/uploads\/2025\/10\/IMG_1515-1-150x150.jpg\" class=\"attachment-thumbnail size-thumbnail\" alt=\"\" \/><\/a>\n\t\t\t<\/div><\/figure><figure class='gallery-item'>\n\t\t\t<div class='gallery-icon portrait'>\n\t\t\t\t<a href='https:\/\/puhtipalvelut.fi\/?attachment_id=106'><img loading=\"lazy\" decoding=\"async\" width=\"150\" height=\"150\" src=\"https:\/\/puhtipalvelut.fi\/wp-content\/uploads\/2025\/10\/IMG_1348-1-150x150.jpg\" class=\"attachment-thumbnail size-thumbnail\" alt=\"\" \/><\/a>\n\t\t\t<\/div><\/figure><figure class='gallery-item'>\n\t\t\t<div class='gallery-icon portrait'>\n\t\t\t\t<a href='https:\/\/puhtipalvelut.fi\/?attachment_id=105'><img loading=\"lazy\" decoding=\"async\" width=\"150\" height=\"150\" src=\"https:\/\/puhtipalvelut.fi\/wp-content\/uploads\/2025\/10\/IMG_1217-1-150x150.jpg\" class=\"attachment-thumbnail size-thumbnail\" alt=\"\" \/><\/a>\n\t\t\t<\/div><\/figure><figure class='gallery-item'>\n\t\t\t<div class='gallery-icon portrait'>\n\t\t\t\t<a href='https:\/\/puhtipalvelut.fi\/?attachment_id=104'><img loading=\"lazy\" decoding=\"async\" width=\"150\" height=\"150\" src=\"https:\/\/puhtipalvelut.fi\/wp-content\/uploads\/2025\/10\/IMG_1189-1-150x150.jpg\" class=\"attachment-thumbnail size-thumbnail\" alt=\"\" \/><\/a>\n\t\t\t<\/div><\/figure>\n\t\t<\/div>\n\n","protected":false},"excerpt":{"rendered":"","protected":false},"author":1,"featured_media":0,"parent":0,"menu_order":0,"comment_status":"closed","ping_status":"closed","template":"","meta":{"footnotes":""},"class_list":["post-117","page","type-page","status-publish","hentry"],"yoast_head":"<!-- This site is optimized with the Yoast SEO plugin v26.1.1 - https:\/\/yoast.com\/wordpress\/plugins\/seo\/ -->\n<title>Galleria - PUHTI \u2013 Puhdistus- ja pinnoituspalvelut r\u00e4\u00e4t\u00e4l\u00f6idysti tarpeisiisi!<\/title>\n<meta name=\"description\" content=\"Kuvia projekteistamme! Laadukkaat ja kest\u00e4v\u00e4t tiilikattojen pinnoitukset sek\u00e4 peltikattojen huoltomaalaukset meid\u00e4n kauttamme!\" \/>\n<meta name=\"robots\" content=\"index, follow, max-snippet:-1, max-image-preview:large, max-video-preview:-1\" \/>\n<link rel=\"canonical\" href=\"https:\/\/puhtipalvelut.fi\/?page_id=117\" \/>\n<meta property=\"og:locale\" content=\"fi_FI\" \/>\n<meta property=\"og:type\" content=\"article\" \/>\n<meta property=\"og:title\" content=\"Galleria - PUHTI \u2013 Puhdistus- ja pinnoituspalvelut r\u00e4\u00e4t\u00e4l\u00f6idysti tarpeisiisi!\" \/>\n<meta property=\"og:description\" content=\"Kuvia projekteistamme! Laadukkaat ja kest\u00e4v\u00e4t tiilikattojen pinnoitukset sek\u00e4 peltikattojen huoltomaalaukset meid\u00e4n kauttamme!\" \/>\n<meta property=\"og:url\" content=\"https:\/\/puhtipalvelut.fi\/?page_id=117\" \/>\n<meta property=\"og:site_name\" content=\"PUHTI \u2013 Puhdistus- ja pinnoituspalvelut r\u00e4\u00e4t\u00e4l\u00f6idysti tarpeisiisi!\" \/>\n<meta property=\"article:publisher\" content=\"https:\/\/www.facebook.com\/profile.php?id=61560454320135#\" \/>\n<meta property=\"article:modified_time\" content=\"2025-10-17T11:20:58+00:00\" \/>\n<meta property=\"og:image\" content=\"https:\/\/puhtipalvelut.fi\/wp-content\/uploads\/2025\/10\/IMG_2044-1-150x150.jpg\" \/>\n<meta name=\"twitter:card\" content=\"summary_large_image\" \/>\n<meta name=\"twitter:label1\" content=\"Arvioitu lukuaika\" \/>\n\t<meta name=\"twitter:data1\" content=\"1 minuutti\" \/>\n<script type=\"application\/ld+json\" class=\"yoast-schema-graph\">{\"@context\":\"https:\/\/schema.org\",\"@graph\":[{\"@type\":\"WebPage\",\"@id\":\"https:\/\/puhtipalvelut.fi\/?page_id=117\",\"url\":\"https:\/\/puhtipalvelut.fi\/?page_id=117\",\"name\":\"Galleria - PUHTI \u2013 Puhdistus- ja pinnoituspalvelut r\u00e4\u00e4t\u00e4l\u00f6idysti tarpeisiisi!\",\"isPartOf\":{\"@id\":\"https:\/\/puhtipalvelut.fi\/#website\"},\"datePublished\":\"2025-10-17T10:36:12+00:00\",\"dateModified\":\"2025-10-17T11:20:58+00:00\",\"description\":\"Kuvia projekteistamme! Laadukkaat ja kest\u00e4v\u00e4t tiilikattojen pinnoitukset sek\u00e4 peltikattojen huoltomaalaukset meid\u00e4n kauttamme!\",\"breadcrumb\":{\"@id\":\"https:\/\/puhtipalvelut.fi\/?page_id=117#breadcrumb\"},\"inLanguage\":\"fi\",\"potentialAction\":[{\"@type\":\"ReadAction\",\"target\":[\"https:\/\/puhtipalvelut.fi\/?page_id=117\"]}]},{\"@type\":\"BreadcrumbList\",\"@id\":\"https:\/\/puhtipalvelut.fi\/?page_id=117#breadcrumb\",\"itemListElement\":[{\"@type\":\"ListItem\",\"position\":1,\"name\":\"Etusivu\",\"item\":\"https:\/\/puhtipalvelut.fi\/\"},{\"@type\":\"ListItem\",\"position\":2,\"name\":\"Galleria\"}]},{\"@type\":\"WebSite\",\"@id\":\"https:\/\/puhtipalvelut.fi\/#website\",\"url\":\"https:\/\/puhtipalvelut.fi\/\",\"name\":\"PUHTI \u2013 Puhdistus- ja pinnoituspalvelut r\u00e4\u00e4t\u00e4l\u00f6idysti tarpeisiisi!\",\"description\":\"Puhdistus- ja pinnoituspalvelut r\u00e4\u00e4t\u00e4l\u00f6idysti tarpeisiisi!\",\"publisher\":{\"@id\":\"https:\/\/puhtipalvelut.fi\/#organization\"},\"potentialAction\":[{\"@type\":\"SearchAction\",\"target\":{\"@type\":\"EntryPoint\",\"urlTemplate\":\"https:\/\/puhtipalvelut.fi\/?s={search_term_string}\"},\"query-input\":{\"@type\":\"PropertyValueSpecification\",\"valueRequired\":true,\"valueName\":\"search_term_string\"}}],\"inLanguage\":\"fi\"},{\"@type\":\"Organization\",\"@id\":\"https:\/\/puhtipalvelut.fi\/#organization\",\"name\":\"PUHTI \u2013 Puhdistus- ja pinnoituspalvelut r\u00e4\u00e4t\u00e4l\u00f6idysti tarpeisiisi!\",\"url\":\"https:\/\/puhtipalvelut.fi\/\",\"logo\":{\"@type\":\"ImageObject\",\"inLanguage\":\"fi\",\"@id\":\"https:\/\/puhtipalvelut.fi\/#\/schema\/logo\/image\/\",\"url\":\"https:\/\/puhtipalvelut.fi\/wp-content\/uploads\/2025\/03\/PUHTI_transparent.png\",\"contentUrl\":\"https:\/\/puhtipalvelut.fi\/wp-content\/uploads\/2025\/03\/PUHTI_transparent.png\",\"width\":1200,\"height\":1200,\"caption\":\"PUHTI \u2013 Puhdistus- ja pinnoituspalvelut r\u00e4\u00e4t\u00e4l\u00f6idysti tarpeisiisi!\"},\"image\":{\"@id\":\"https:\/\/puhtipalvelut.fi\/#\/schema\/logo\/image\/\"},\"sameAs\":[\"https:\/\/www.facebook.com\/profile.php?id=61560454320135#\",\"https:\/\/fi.linkedin.com\/company\/puhtipalvelut\"]}]}<\/script>\n<!-- \/ Yoast SEO plugin. -->","yoast_head_json":{"title":"Galleria - PUHTI \u2013 Puhdistus- ja pinnoituspalvelut r\u00e4\u00e4t\u00e4l\u00f6idysti tarpeisiisi!","description":"Kuvia projekteistamme! Laadukkaat ja kest\u00e4v\u00e4t tiilikattojen pinnoitukset sek\u00e4 peltikattojen huoltomaalaukset meid\u00e4n kauttamme!","robots":{"index":"index","follow":"follow","max-snippet":"max-snippet:-1","max-image-preview":"max-image-preview:large","max-video-preview":"max-video-preview:-1"},"canonical":"https:\/\/puhtipalvelut.fi\/?page_id=117","og_locale":"fi_FI","og_type":"article","og_title":"Galleria - PUHTI \u2013 Puhdistus- ja pinnoituspalvelut r\u00e4\u00e4t\u00e4l\u00f6idysti tarpeisiisi!","og_description":"Kuvia projekteistamme! Laadukkaat ja kest\u00e4v\u00e4t tiilikattojen pinnoitukset sek\u00e4 peltikattojen huoltomaalaukset meid\u00e4n kauttamme!","og_url":"https:\/\/puhtipalvelut.fi\/?page_id=117","og_site_name":"PUHTI \u2013 Puhdistus- ja pinnoituspalvelut r\u00e4\u00e4t\u00e4l\u00f6idysti tarpeisiisi!","article_publisher":"https:\/\/www.facebook.com\/profile.php?id=61560454320135#","article_modified_time":"2025-10-17T11:20:58+00:00","og_image":[{"url":"https:\/\/puhtipalvelut.fi\/wp-content\/uploads\/2025\/10\/IMG_2044-1-150x150.jpg","type":"","width":"","height":""}],"twitter_card":"summary_large_image","twitter_misc":{"Arvioitu lukuaika":"1 minuutti"},"schema":{"@context":"https:\/\/schema.org","@graph":[{"@type":"WebPage","@id":"https:\/\/puhtipalvelut.fi\/?page_id=117","url":"https:\/\/puhtipalvelut.fi\/?page_id=117","name":"Galleria - PUHTI \u2013 Puhdistus- ja pinnoituspalvelut r\u00e4\u00e4t\u00e4l\u00f6idysti tarpeisiisi!","isPartOf":{"@id":"https:\/\/puhtipalvelut.fi\/#website"},"datePublished":"2025-10-17T10:36:12+00:00","dateModified":"2025-10-17T11:20:58+00:00","description":"Kuvia projekteistamme! Laadukkaat ja kest\u00e4v\u00e4t tiilikattojen pinnoitukset sek\u00e4 peltikattojen huoltomaalaukset meid\u00e4n kauttamme!","breadcrumb":{"@id":"https:\/\/puhtipalvelut.fi\/?page_id=117#breadcrumb"},"inLanguage":"fi","potentialAction":[{"@type":"ReadAction","target":["https:\/\/puhtipalvelut.fi\/?page_id=117"]}]},{"@type":"BreadcrumbList","@id":"https:\/\/puhtipalvelut.fi\/?page_id=117#breadcrumb","itemListElement":[{"@type":"ListItem","position":1,"name":"Etusivu","item":"https:\/\/puhtipalvelut.fi\/"},{"@type":"ListItem","position":2,"name":"Galleria"}]},{"@type":"WebSite","@id":"https:\/\/puhtipalvelut.fi\/#website","url":"https:\/\/puhtipalvelut.fi\/","name":"PUHTI \u2013 Puhdistus- ja pinnoituspalvelut r\u00e4\u00e4t\u00e4l\u00f6idysti tarpeisiisi!","description":"Puhdistus- ja pinnoituspalvelut r\u00e4\u00e4t\u00e4l\u00f6idysti tarpeisiisi!","publisher":{"@id":"https:\/\/puhtipalvelut.fi\/#organization"},"potentialAction":[{"@type":"SearchAction","target":{"@type":"EntryPoint","urlTemplate":"https:\/\/puhtipalvelut.fi\/?s={search_term_string}"},"query-input":{"@type":"PropertyValueSpecification","valueRequired":true,"valueName":"search_term_string"}}],"inLanguage":"fi"},{"@type":"Organization","@id":"https:\/\/puhtipalvelut.fi\/#organization","name":"PUHTI \u2013 Puhdistus- ja pinnoituspalvelut r\u00e4\u00e4t\u00e4l\u00f6idysti tarpeisiisi!","url":"https:\/\/puhtipalvelut.fi\/","logo":{"@type":"ImageObject","inLanguage":"fi","@id":"https:\/\/puhtipalvelut.fi\/#\/schema\/logo\/image\/","url":"https:\/\/puhtipalvelut.fi\/wp-content\/uploads\/2025\/03\/PUHTI_transparent.png","contentUrl":"https:\/\/puhtipalvelut.fi\/wp-content\/uploads\/2025\/03\/PUHTI_transparent.png","width":1200,"height":1200,"caption":"PUHTI \u2013 Puhdistus- ja pinnoituspalvelut r\u00e4\u00e4t\u00e4l\u00f6idysti tarpeisiisi!"},"image":{"@id":"https:\/\/puhtipalvelut.fi\/#\/schema\/logo\/image\/"},"sameAs":["https:\/\/www.facebook.com\/profile.php?id=61560454320135#","https:\/\/fi.linkedin.com\/company\/puhtipalvelut"]}]}},"_links":{"self":[{"href":"https:\/\/puhtipalvelut.fi\/index.php?rest_route=\/wp\/v2\/pages\/117","targetHints":{"allow":["GET"]}}],"collection":[{"href":"https:\/\/puhtipalvelut.fi\/index.php?rest_route=\/wp\/v2\/pages"}],"about":[{"href":"https:\/\/puhtipalvelut.fi\/index.php?rest_route=\/wp\/v2\/types\/page"}],"author":[{"embeddable":true,"href":"https:\/\/puhtipalvelut.fi\/index.php?rest_route=\/wp\/v2\/users\/1"}],"replies":[{"embeddable":true,"href":"https:\/\/puhtipalvelut.fi\/index.php?rest_route=%2Fwp%2Fv2%2Fcomments&post=117"}],"version-history":[{"count":3,"href":"https:\/\/puhtipalvelut.fi\/index.php?rest_route=\/wp\/v2\/pages\/117\/revisions"}],"predecessor-version":[{"id":128,"href":"https:\/\/puhtipalvelut.fi\/index.php?rest_route=\/wp\/v2\/pages\/117\/revisions\/128"}],"wp:attachment":[{"href":"https:\/\/puhtipalvelut.fi\/index.php?rest_route=%2Fwp%2Fv2%2Fmedia&parent=117"}],"curies":[{"name":"wp","href":"https:\/\/api.w.org\/{rel}","templated":true}]}}