{"id":2,"date":"2025-03-30T14:42:39","date_gmt":"2025-03-30T14:42:39","guid":{"rendered":"https:\/\/puhtipalvelut.fi\/?page_id=2"},"modified":"2025-10-17T14:09:07","modified_gmt":"2025-10-17T14:09:07","slug":"sample-page","status":"publish","type":"page","link":"https:\/\/puhtipalvelut.fi\/?page_id=2","title":{"rendered":"Yhteystiedot"},"content":{"rendered":"\r\n<p><img fetchpriority=\"high\" decoding=\"async\" class=\"wp-image-12 alignnone\" src=\"https:\/\/puhtipalvelut.fi\/wp-content\/uploads\/2025\/03\/IMG_8993-300x225.jpg\" alt=\"\" width=\"431\" height=\"323\" srcset=\"https:\/\/puhtipalvelut.fi\/wp-content\/uploads\/2025\/03\/IMG_8993-300x225.jpg 300w, https:\/\/puhtipalvelut.fi\/wp-content\/uploads\/2025\/03\/IMG_8993-1024x768.jpg 1024w, https:\/\/puhtipalvelut.fi\/wp-content\/uploads\/2025\/03\/IMG_8993-768x576.jpg 768w, https:\/\/puhtipalvelut.fi\/wp-content\/uploads\/2025\/03\/IMG_8993-1536x1152.jpg 1536w, https:\/\/puhtipalvelut.fi\/wp-content\/uploads\/2025\/03\/IMG_8993-2048x1536.jpg 2048w\" sizes=\"(max-width: 431px) 100vw, 431px\" \/><\/p>\r\n<p><strong>Ota meihin yhteytt\u00e4 soittamalla tai s\u00e4hk\u00f6postitse!<\/strong><\/p>\r\n<p>puhelin: <strong>044 3262 475<\/strong><\/p>\r\n<p>s\u00e4hk\u00f6posti: <strong>puhti@mail.com\u00a0<\/strong><\/p>\r\n<p>Varsinais-Suomi &amp; Uusimaa<\/p>\r\n<p>&nbsp;<\/p>\r\n<p>Vaihtoehtoisesti voit j\u00e4tt\u00e4\u00e4 <strong>yhteydenottopyynn\u00f6n<\/strong> ja me otamme sinuun yhteytt\u00e4!\u00a0<\/p>\r\n\r\n\r\n\r\n<blockquote class=\"wp-block-quote is-layout-flow wp-block-quote-is-layout-flow\">\r\n<style id=\"wpforms-css-vars-43\">\n\t\t\t\t#wpforms-43 {\n\t\t\t\t\n\t\t\t}\n\t\t\t<\/style><div class=\"wpforms-container wpforms-container-full wpforms-render-modern\" id=\"wpforms-43\"><form id=\"wpforms-form-43\" class=\"wpforms-validate wpforms-form wpforms-ajax-form\" data-formid=\"43\" method=\"post\" enctype=\"multipart\/form-data\" action=\"\/index.php?rest_route=%2Fwp%2Fv2%2Fpages%2F2\" data-token=\"bea2795d0a06f68df1e7a363e91b6969\" data-token-time=\"1776942944\"><noscript class=\"wpforms-error-noscript\">Please enable JavaScript in your browser to complete this form.<\/noscript><div id=\"wpforms-error-noscript\" style=\"display: none;\">Please enable JavaScript in your browser to complete this form.<\/div><div class=\"wpforms-field-container\">\t\t<div id=\"wpforms-43-field_4-container\"\n\t\t\tclass=\"wpforms-field wpforms-field-text\"\n\t\t\tdata-field-type=\"text\"\n\t\t\tdata-field-id=\"4\"\n\t\t\t>\n\t\t\t<label class=\"wpforms-field-label\" for=\"wpforms-43-field_4\" >kattosi kertoa tai<\/label>\n\t\t\t<input type=\"text\" id=\"wpforms-43-field_4\" class=\"wpforms-field-medium\" name=\"wpforms[fields][4]\" >\n\t\t<\/div>\n\t\t<div id=\"wpforms-43-field_1-container\" class=\"wpforms-field wpforms-field-name\" data-field-id=\"1\"><fieldset><legend class=\"wpforms-field-label\">Nimi <span class=\"wpforms-required-label\" aria-hidden=\"true\">*<\/span><\/legend><div class=\"wpforms-field-row wpforms-field-medium\"><div class=\"wpforms-field-row-block wpforms-first wpforms-one-half\"><input type=\"text\" id=\"wpforms-43-field_1\" class=\"wpforms-field-name-first wpforms-field-required\" name=\"wpforms[fields][1][first]\" aria-errormessage=\"wpforms-43-field_1-error\" required><label for=\"wpforms-43-field_1\" class=\"wpforms-field-sublabel after\">First<\/label><\/div><div class=\"wpforms-field-row-block wpforms-one-half\"><input type=\"text\" id=\"wpforms-43-field_1-last\" class=\"wpforms-field-name-last wpforms-field-required\" name=\"wpforms[fields][1][last]\" aria-errormessage=\"wpforms-43-field_1-last-error\" required><label for=\"wpforms-43-field_1-last\" class=\"wpforms-field-sublabel after\">Last<\/label><\/div><\/div><\/fieldset><\/div><div id=\"wpforms-43-field_3-container\" class=\"wpforms-field wpforms-field-text\" data-field-id=\"3\"><label class=\"wpforms-field-label\" for=\"wpforms-43-field_3\">Puhelinnumero <span class=\"wpforms-required-label\" aria-hidden=\"true\">*<\/span><\/label><input type=\"text\" id=\"wpforms-43-field_3\" class=\"wpforms-field-medium wpforms-field-required\" name=\"wpforms[fields][3]\" aria-errormessage=\"wpforms-43-field_3-error\" required><\/div><div id=\"wpforms-43-field_2-container\" class=\"wpforms-field wpforms-field-email\" data-field-id=\"2\"><label class=\"wpforms-field-label\" for=\"wpforms-43-field_2\">S\u00e4hk\u00f6posti <span class=\"wpforms-required-label\" aria-hidden=\"true\">*<\/span><\/label><input type=\"email\" id=\"wpforms-43-field_2\" class=\"wpforms-field-medium wpforms-field-required\" name=\"wpforms[fields][2]\" spellcheck=\"false\" aria-errormessage=\"wpforms-43-field_2-error\" required><\/div><div id=\"wpforms-43-field_5-container\" class=\"wpforms-field wpforms-field-radio\" data-field-id=\"5\"><fieldset><legend class=\"wpforms-field-label\">Kattosi katemateriaali<\/legend><ul id=\"wpforms-43-field_5\"><li class=\"choice-1 depth-1\"><input type=\"radio\" id=\"wpforms-43-field_5_1\" name=\"wpforms[fields][5]\" value=\"Tiili\" aria-errormessage=\"wpforms-43-field_5_1-error\"  ><label class=\"wpforms-field-label-inline\" for=\"wpforms-43-field_5_1\">Tiili<\/label><\/li><li class=\"choice-2 depth-1\"><input type=\"radio\" id=\"wpforms-43-field_5_2\" name=\"wpforms[fields][5]\" value=\"Pelti\" aria-errormessage=\"wpforms-43-field_5_2-error\"  ><label class=\"wpforms-field-label-inline\" for=\"wpforms-43-field_5_2\">Pelti<\/label><\/li><li class=\"choice-3 depth-1\"><input type=\"radio\" id=\"wpforms-43-field_5_3\" name=\"wpforms[fields][5]\" value=\"Huopa\" aria-errormessage=\"wpforms-43-field_5_3-error\"  ><label class=\"wpforms-field-label-inline\" for=\"wpforms-43-field_5_3\">Huopa<\/label><\/li><li class=\"choice-4 depth-1\"><input type=\"radio\" id=\"wpforms-43-field_5_4\" name=\"wpforms[fields][5]\" value=\"Jokin muu\" aria-errormessage=\"wpforms-43-field_5_4-error\"  ><label class=\"wpforms-field-label-inline\" for=\"wpforms-43-field_5_4\">Jokin muu<\/label><\/li><\/ul><\/fieldset><\/div><div id=\"wpforms-43-field_6-container\" class=\"wpforms-field wpforms-field-checkbox\" data-field-id=\"6\"><fieldset><legend class=\"wpforms-field-label\">Onko katollasi paljon sammalta tai muuta kasvustoa?<\/legend><ul id=\"wpforms-43-field_6\"><li class=\"choice-1 depth-1\"><input type=\"checkbox\" id=\"wpforms-43-field_6_1\" name=\"wpforms[fields][6][]\" value=\"Kyll\u00e4 on!\" aria-errormessage=\"wpforms-43-field_6_1-error\"  ><label class=\"wpforms-field-label-inline\" for=\"wpforms-43-field_6_1\">Kyll\u00e4 on!<\/label><\/li><li class=\"choice-2 depth-1\"><input type=\"checkbox\" id=\"wpforms-43-field_6_2\" name=\"wpforms[fields][6][]\" value=\"Ei merkitt\u00e4v\u00e4sti\" aria-errormessage=\"wpforms-43-field_6_2-error\"  ><label class=\"wpforms-field-label-inline\" for=\"wpforms-43-field_6_2\">Ei merkitt\u00e4v\u00e4sti<\/label><\/li><li class=\"choice-3 depth-1\"><input type=\"checkbox\" id=\"wpforms-43-field_6_3\" name=\"wpforms[fields][6][]\" value=\"En ole t\u00e4ysin varma\" aria-errormessage=\"wpforms-43-field_6_3-error\"  ><label class=\"wpforms-field-label-inline\" for=\"wpforms-43-field_6_3\">En ole t\u00e4ysin varma<\/label><\/li><\/ul><\/fieldset><\/div><div id=\"wpforms-43-field_9-container\" class=\"wpforms-field wpforms-field-radio\" data-field-id=\"9\"><fieldset><legend class=\"wpforms-field-label\">Kattosi ik\u00e4<\/legend><ul id=\"wpforms-43-field_9\"><li class=\"choice-1 depth-1\"><input type=\"radio\" id=\"wpforms-43-field_9_1\" name=\"wpforms[fields][9]\" value=\"1-10 vuotta\" aria-errormessage=\"wpforms-43-field_9_1-error\"  ><label class=\"wpforms-field-label-inline\" for=\"wpforms-43-field_9_1\">1-10 vuotta<\/label><\/li><li class=\"choice-2 depth-1\"><input type=\"radio\" id=\"wpforms-43-field_9_2\" name=\"wpforms[fields][9]\" value=\"10-20 vuotta\" aria-errormessage=\"wpforms-43-field_9_2-error\"  ><label class=\"wpforms-field-label-inline\" for=\"wpforms-43-field_9_2\">10-20 vuotta<\/label><\/li><li class=\"choice-3 depth-1\"><input type=\"radio\" id=\"wpforms-43-field_9_3\" name=\"wpforms[fields][9]\" value=\"20-30 vuotta\" aria-errormessage=\"wpforms-43-field_9_3-error\"  ><label class=\"wpforms-field-label-inline\" for=\"wpforms-43-field_9_3\">20-30 vuotta<\/label><\/li><li class=\"choice-4 depth-1\"><input type=\"radio\" id=\"wpforms-43-field_9_4\" name=\"wpforms[fields][9]\" value=\"30 vuotta tai enemm\u00e4n\" aria-errormessage=\"wpforms-43-field_9_4-error\"  ><label class=\"wpforms-field-label-inline\" for=\"wpforms-43-field_9_4\">30 vuotta tai enemm\u00e4n<\/label><\/li><\/ul><\/fieldset><\/div><div id=\"wpforms-43-field_12-container\" class=\"wpforms-field wpforms-field-radio\" data-field-id=\"12\"><fieldset><legend class=\"wpforms-field-label\">Osaatko arvioida kattosi pinta-alaa?<\/legend><ul id=\"wpforms-43-field_12\"><li class=\"choice-1 depth-1\"><input type=\"radio\" id=\"wpforms-43-field_12_1\" name=\"wpforms[fields][12]\" value=\"50-150m2\" aria-errormessage=\"wpforms-43-field_12_1-error\"  ><label class=\"wpforms-field-label-inline\" for=\"wpforms-43-field_12_1\">50-150m2<\/label><\/li><li class=\"choice-2 depth-1\"><input type=\"radio\" id=\"wpforms-43-field_12_2\" name=\"wpforms[fields][12]\" value=\"150-250m2\" aria-errormessage=\"wpforms-43-field_12_2-error\"  ><label class=\"wpforms-field-label-inline\" for=\"wpforms-43-field_12_2\">150-250m2<\/label><\/li><li class=\"choice-3 depth-1\"><input type=\"radio\" id=\"wpforms-43-field_12_3\" name=\"wpforms[fields][12]\" value=\"250-350m2\" aria-errormessage=\"wpforms-43-field_12_3-error\"  ><label class=\"wpforms-field-label-inline\" for=\"wpforms-43-field_12_3\">250-350m2<\/label><\/li><li class=\"choice-4 depth-1\"><input type=\"radio\" id=\"wpforms-43-field_12_4\" name=\"wpforms[fields][12]\" value=\"Yli 350m2\" aria-errormessage=\"wpforms-43-field_12_4-error\"  ><label class=\"wpforms-field-label-inline\" for=\"wpforms-43-field_12_4\">Yli 350m2<\/label><\/li><\/ul><\/fieldset><\/div><div id=\"wpforms-43-field_7-container\" class=\"wpforms-field wpforms-field-text\" data-field-id=\"7\"><label class=\"wpforms-field-label\" for=\"wpforms-43-field_7\">Osoitteesi<\/label><input type=\"text\" id=\"wpforms-43-field_7\" class=\"wpforms-field-medium\" name=\"wpforms[fields][7]\" aria-errormessage=\"wpforms-43-field_7-error\" ><\/div><div id=\"wpforms-43-field_8-container\" class=\"wpforms-field wpforms-field-text\" data-field-id=\"8\"><label class=\"wpforms-field-label\" for=\"wpforms-43-field_8\">Mit\u00e4 muuta haluat kertoa katostasi tai tilanteestanne yhteydenottoon liittyen? \ud83d\ude42<\/label><input type=\"text\" id=\"wpforms-43-field_8\" class=\"wpforms-field-medium\" name=\"wpforms[fields][8]\" aria-errormessage=\"wpforms-43-field_8-error\" ><\/div><script>\n\t\t\t\t( function() {\n\t\t\t\t\tconst style = document.createElement( 'style' );\n\t\t\t\t\tstyle.appendChild( document.createTextNode( '#wpforms-43-field_4-container { position: absolute !important; overflow: hidden !important; display: inline !important; height: 1px !important; width: 1px !important; z-index: -1000 !important; padding: 0 !important; } #wpforms-43-field_4-container input { visibility: hidden; } #wpforms-conversational-form-page #wpforms-43-field_4-container label { counter-increment: none; }' ) );\n\t\t\t\t\tdocument.head.appendChild( style );\n\t\t\t\t\tdocument.currentScript?.remove();\n\t\t\t\t} )();\n\t\t\t<\/script><\/div><!-- .wpforms-field-container --><div class=\"wpforms-submit-container\" ><input type=\"hidden\" name=\"wpforms[id]\" value=\"43\"><input type=\"hidden\" name=\"page_title\" value=\"\"><input type=\"hidden\" name=\"page_url\" value=\"https:\/\/puhtipalvelut.fi\/index.php?rest_route=\/wp\/v2\/pages\/2\"><input type=\"hidden\" name=\"url_referer\" value=\"\"><button type=\"submit\" name=\"wpforms[submit]\" id=\"wpforms-submit-43\" class=\"wpforms-submit\" data-alt-text=\"L\u00e4hett\u00e4\u00e4...\" data-submit-text=\"L\u00e4het\u00e4\" aria-live=\"assertive\" value=\"wpforms-submit\">L\u00e4het\u00e4<\/button><img decoding=\"async\" src=\"https:\/\/puhtipalvelut.fi\/wp-content\/plugins\/wpforms-lite\/assets\/images\/submit-spin.svg\" class=\"wpforms-submit-spinner\" style=\"display: none;\" width=\"26\" height=\"26\" alt=\"Loading\"><\/div><\/form><\/div>  <!-- .wpforms-container -->\r\n<\/blockquote>\r\n","protected":false},"excerpt":{"rendered":"<p>Ota meihin yhteytt\u00e4 soittamalla tai s\u00e4hk\u00f6postitse! puhelin: 044 3262 475 s\u00e4hk\u00f6posti: puhti@mail.com\u00a0 Varsinais-Suomi &amp; Uusimaa &nbsp; Vaihtoehtoisesti voit j\u00e4tt\u00e4\u00e4 yhteydenottopyynn\u00f6n ja me otamme sinuun yhteytt\u00e4!\u00a0<\/p>\n","protected":false},"author":1,"featured_media":0,"parent":0,"menu_order":0,"comment_status":"closed","ping_status":"open","template":"","meta":{"footnotes":""},"class_list":["post-2","page","type-page","status-publish","hentry"],"yoast_head":"<!-- This site is optimized with the Yoast SEO plugin v26.1.1 - https:\/\/yoast.com\/wordpress\/plugins\/seo\/ -->\n<title>Yhteystiedot - PUHTI \u2013 Puhdistus- ja pinnoituspalvelut r\u00e4\u00e4t\u00e4l\u00f6idysti tarpeisiisi!<\/title>\n<meta name=\"description\" content=\"Erilaiset kattohuoltopalvelut r\u00e4\u00e4t\u00e4l\u00f6idysti niin kuluttajien kuin yrityksien tarpeisiin! Tiilikattojen puhdistukset ja pinnoitukset laadukkailla tuotteilla. Erilaiset pesu-, puhdistus- sek\u00e4 huoltomaalausty\u00f6t kaikki yhden katon alta! Sammaleenpoistot sek\u00e4 sammalkasvustomyrkytykset biohajoavilla ja ymp\u00e4rist\u00f6lle turvallisilla aineilla.\" \/>\n<meta name=\"robots\" content=\"index, follow, max-snippet:-1, max-image-preview:large, max-video-preview:-1\" \/>\n<link rel=\"canonical\" href=\"https:\/\/puhtipalvelut.fi\/?page_id=2\" \/>\n<meta property=\"og:locale\" content=\"fi_FI\" \/>\n<meta property=\"og:type\" content=\"article\" \/>\n<meta property=\"og:title\" content=\"Yhteystiedot - PUHTI \u2013 Puhdistus- ja pinnoituspalvelut r\u00e4\u00e4t\u00e4l\u00f6idysti tarpeisiisi!\" \/>\n<meta property=\"og:description\" content=\"Erilaiset kattohuoltopalvelut r\u00e4\u00e4t\u00e4l\u00f6idysti niin kuluttajien kuin yrityksien tarpeisiin! Tiilikattojen puhdistukset ja pinnoitukset laadukkailla tuotteilla. Erilaiset pesu-, puhdistus- sek\u00e4 huoltomaalausty\u00f6t kaikki yhden katon alta! Sammaleenpoistot sek\u00e4 sammalkasvustomyrkytykset biohajoavilla ja ymp\u00e4rist\u00f6lle turvallisilla aineilla.\" \/>\n<meta property=\"og:url\" content=\"https:\/\/puhtipalvelut.fi\/?page_id=2\" \/>\n<meta property=\"og:site_name\" content=\"PUHTI \u2013 Puhdistus- ja pinnoituspalvelut r\u00e4\u00e4t\u00e4l\u00f6idysti tarpeisiisi!\" \/>\n<meta property=\"article:publisher\" content=\"https:\/\/www.facebook.com\/profile.php?id=61560454320135#\" \/>\n<meta property=\"article:modified_time\" content=\"2025-10-17T14:09:07+00:00\" \/>\n<meta property=\"og:image\" content=\"https:\/\/puhtipalvelut.fi\/wp-content\/uploads\/2025\/03\/IMG_8993-scaled.jpg\" \/>\n\t<meta property=\"og:image:width\" content=\"2560\" \/>\n\t<meta property=\"og:image:height\" content=\"1920\" \/>\n\t<meta property=\"og:image:type\" content=\"image\/jpeg\" \/>\n<meta name=\"twitter:card\" content=\"summary_large_image\" \/>\n<meta name=\"twitter:label1\" content=\"Arvioitu lukuaika\" \/>\n\t<meta name=\"twitter:data1\" content=\"1 minuutti\" \/>\n<script type=\"application\/ld+json\" class=\"yoast-schema-graph\">{\"@context\":\"https:\/\/schema.org\",\"@graph\":[{\"@type\":\"WebPage\",\"@id\":\"https:\/\/puhtipalvelut.fi\/?page_id=2\",\"url\":\"https:\/\/puhtipalvelut.fi\/?page_id=2\",\"name\":\"Yhteystiedot - PUHTI \u2013 Puhdistus- ja pinnoituspalvelut r\u00e4\u00e4t\u00e4l\u00f6idysti tarpeisiisi!\",\"isPartOf\":{\"@id\":\"https:\/\/puhtipalvelut.fi\/#website\"},\"primaryImageOfPage\":{\"@id\":\"https:\/\/puhtipalvelut.fi\/?page_id=2#primaryimage\"},\"image\":{\"@id\":\"https:\/\/puhtipalvelut.fi\/?page_id=2#primaryimage\"},\"thumbnailUrl\":\"https:\/\/puhtipalvelut.fi\/wp-content\/uploads\/2025\/03\/IMG_8993-300x225.jpg\",\"datePublished\":\"2025-03-30T14:42:39+00:00\",\"dateModified\":\"2025-10-17T14:09:07+00:00\",\"description\":\"Erilaiset kattohuoltopalvelut r\u00e4\u00e4t\u00e4l\u00f6idysti niin kuluttajien kuin yrityksien tarpeisiin! Tiilikattojen puhdistukset ja pinnoitukset laadukkailla tuotteilla. Erilaiset pesu-, puhdistus- sek\u00e4 huoltomaalausty\u00f6t kaikki yhden katon alta! Sammaleenpoistot sek\u00e4 sammalkasvustomyrkytykset biohajoavilla ja ymp\u00e4rist\u00f6lle turvallisilla aineilla.\",\"breadcrumb\":{\"@id\":\"https:\/\/puhtipalvelut.fi\/?page_id=2#breadcrumb\"},\"inLanguage\":\"fi\",\"potentialAction\":[{\"@type\":\"ReadAction\",\"target\":[\"https:\/\/puhtipalvelut.fi\/?page_id=2\"]}]},{\"@type\":\"ImageObject\",\"inLanguage\":\"fi\",\"@id\":\"https:\/\/puhtipalvelut.fi\/?page_id=2#primaryimage\",\"url\":\"https:\/\/puhtipalvelut.fi\/wp-content\/uploads\/2025\/03\/IMG_8993-scaled.jpg\",\"contentUrl\":\"https:\/\/puhtipalvelut.fi\/wp-content\/uploads\/2025\/03\/IMG_8993-scaled.jpg\",\"width\":2560,\"height\":1920},{\"@type\":\"BreadcrumbList\",\"@id\":\"https:\/\/puhtipalvelut.fi\/?page_id=2#breadcrumb\",\"itemListElement\":[{\"@type\":\"ListItem\",\"position\":1,\"name\":\"Etusivu\",\"item\":\"https:\/\/puhtipalvelut.fi\/\"},{\"@type\":\"ListItem\",\"position\":2,\"name\":\"Yhteystiedot\"}]},{\"@type\":\"WebSite\",\"@id\":\"https:\/\/puhtipalvelut.fi\/#website\",\"url\":\"https:\/\/puhtipalvelut.fi\/\",\"name\":\"PUHTI \u2013 Puhdistus- ja pinnoituspalvelut r\u00e4\u00e4t\u00e4l\u00f6idysti tarpeisiisi!\",\"description\":\"Puhdistus- ja pinnoituspalvelut r\u00e4\u00e4t\u00e4l\u00f6idysti tarpeisiisi!\",\"publisher\":{\"@id\":\"https:\/\/puhtipalvelut.fi\/#organization\"},\"potentialAction\":[{\"@type\":\"SearchAction\",\"target\":{\"@type\":\"EntryPoint\",\"urlTemplate\":\"https:\/\/puhtipalvelut.fi\/?s={search_term_string}\"},\"query-input\":{\"@type\":\"PropertyValueSpecification\",\"valueRequired\":true,\"valueName\":\"search_term_string\"}}],\"inLanguage\":\"fi\"},{\"@type\":\"Organization\",\"@id\":\"https:\/\/puhtipalvelut.fi\/#organization\",\"name\":\"PUHTI \u2013 Puhdistus- ja pinnoituspalvelut r\u00e4\u00e4t\u00e4l\u00f6idysti tarpeisiisi!\",\"url\":\"https:\/\/puhtipalvelut.fi\/\",\"logo\":{\"@type\":\"ImageObject\",\"inLanguage\":\"fi\",\"@id\":\"https:\/\/puhtipalvelut.fi\/#\/schema\/logo\/image\/\",\"url\":\"https:\/\/puhtipalvelut.fi\/wp-content\/uploads\/2025\/03\/PUHTI_transparent.png\",\"contentUrl\":\"https:\/\/puhtipalvelut.fi\/wp-content\/uploads\/2025\/03\/PUHTI_transparent.png\",\"width\":1200,\"height\":1200,\"caption\":\"PUHTI \u2013 Puhdistus- ja pinnoituspalvelut r\u00e4\u00e4t\u00e4l\u00f6idysti tarpeisiisi!\"},\"image\":{\"@id\":\"https:\/\/puhtipalvelut.fi\/#\/schema\/logo\/image\/\"},\"sameAs\":[\"https:\/\/www.facebook.com\/profile.php?id=61560454320135#\",\"https:\/\/fi.linkedin.com\/company\/puhtipalvelut\"]}]}<\/script>\n<!-- \/ Yoast SEO plugin. -->","yoast_head_json":{"title":"Yhteystiedot - PUHTI \u2013 Puhdistus- ja pinnoituspalvelut r\u00e4\u00e4t\u00e4l\u00f6idysti tarpeisiisi!","description":"Erilaiset kattohuoltopalvelut r\u00e4\u00e4t\u00e4l\u00f6idysti niin kuluttajien kuin yrityksien tarpeisiin! Tiilikattojen puhdistukset ja pinnoitukset laadukkailla tuotteilla. Erilaiset pesu-, puhdistus- sek\u00e4 huoltomaalausty\u00f6t kaikki yhden katon alta! Sammaleenpoistot sek\u00e4 sammalkasvustomyrkytykset biohajoavilla ja ymp\u00e4rist\u00f6lle turvallisilla aineilla.","robots":{"index":"index","follow":"follow","max-snippet":"max-snippet:-1","max-image-preview":"max-image-preview:large","max-video-preview":"max-video-preview:-1"},"canonical":"https:\/\/puhtipalvelut.fi\/?page_id=2","og_locale":"fi_FI","og_type":"article","og_title":"Yhteystiedot - PUHTI \u2013 Puhdistus- ja pinnoituspalvelut r\u00e4\u00e4t\u00e4l\u00f6idysti tarpeisiisi!","og_description":"Erilaiset kattohuoltopalvelut r\u00e4\u00e4t\u00e4l\u00f6idysti niin kuluttajien kuin yrityksien tarpeisiin! Tiilikattojen puhdistukset ja pinnoitukset laadukkailla tuotteilla. Erilaiset pesu-, puhdistus- sek\u00e4 huoltomaalausty\u00f6t kaikki yhden katon alta! Sammaleenpoistot sek\u00e4 sammalkasvustomyrkytykset biohajoavilla ja ymp\u00e4rist\u00f6lle turvallisilla aineilla.","og_url":"https:\/\/puhtipalvelut.fi\/?page_id=2","og_site_name":"PUHTI \u2013 Puhdistus- ja pinnoituspalvelut r\u00e4\u00e4t\u00e4l\u00f6idysti tarpeisiisi!","article_publisher":"https:\/\/www.facebook.com\/profile.php?id=61560454320135#","article_modified_time":"2025-10-17T14:09:07+00:00","og_image":[{"width":2560,"height":1920,"url":"https:\/\/puhtipalvelut.fi\/wp-content\/uploads\/2025\/03\/IMG_8993-scaled.jpg","type":"image\/jpeg"}],"twitter_card":"summary_large_image","twitter_misc":{"Arvioitu lukuaika":"1 minuutti"},"schema":{"@context":"https:\/\/schema.org","@graph":[{"@type":"WebPage","@id":"https:\/\/puhtipalvelut.fi\/?page_id=2","url":"https:\/\/puhtipalvelut.fi\/?page_id=2","name":"Yhteystiedot - PUHTI \u2013 Puhdistus- ja pinnoituspalvelut r\u00e4\u00e4t\u00e4l\u00f6idysti tarpeisiisi!","isPartOf":{"@id":"https:\/\/puhtipalvelut.fi\/#website"},"primaryImageOfPage":{"@id":"https:\/\/puhtipalvelut.fi\/?page_id=2#primaryimage"},"image":{"@id":"https:\/\/puhtipalvelut.fi\/?page_id=2#primaryimage"},"thumbnailUrl":"https:\/\/puhtipalvelut.fi\/wp-content\/uploads\/2025\/03\/IMG_8993-300x225.jpg","datePublished":"2025-03-30T14:42:39+00:00","dateModified":"2025-10-17T14:09:07+00:00","description":"Erilaiset kattohuoltopalvelut r\u00e4\u00e4t\u00e4l\u00f6idysti niin kuluttajien kuin yrityksien tarpeisiin! Tiilikattojen puhdistukset ja pinnoitukset laadukkailla tuotteilla. Erilaiset pesu-, puhdistus- sek\u00e4 huoltomaalausty\u00f6t kaikki yhden katon alta! Sammaleenpoistot sek\u00e4 sammalkasvustomyrkytykset biohajoavilla ja ymp\u00e4rist\u00f6lle turvallisilla aineilla.","breadcrumb":{"@id":"https:\/\/puhtipalvelut.fi\/?page_id=2#breadcrumb"},"inLanguage":"fi","potentialAction":[{"@type":"ReadAction","target":["https:\/\/puhtipalvelut.fi\/?page_id=2"]}]},{"@type":"ImageObject","inLanguage":"fi","@id":"https:\/\/puhtipalvelut.fi\/?page_id=2#primaryimage","url":"https:\/\/puhtipalvelut.fi\/wp-content\/uploads\/2025\/03\/IMG_8993-scaled.jpg","contentUrl":"https:\/\/puhtipalvelut.fi\/wp-content\/uploads\/2025\/03\/IMG_8993-scaled.jpg","width":2560,"height":1920},{"@type":"BreadcrumbList","@id":"https:\/\/puhtipalvelut.fi\/?page_id=2#breadcrumb","itemListElement":[{"@type":"ListItem","position":1,"name":"Etusivu","item":"https:\/\/puhtipalvelut.fi\/"},{"@type":"ListItem","position":2,"name":"Yhteystiedot"}]},{"@type":"WebSite","@id":"https:\/\/puhtipalvelut.fi\/#website","url":"https:\/\/puhtipalvelut.fi\/","name":"PUHTI \u2013 Puhdistus- ja pinnoituspalvelut r\u00e4\u00e4t\u00e4l\u00f6idysti tarpeisiisi!","description":"Puhdistus- ja pinnoituspalvelut r\u00e4\u00e4t\u00e4l\u00f6idysti tarpeisiisi!","publisher":{"@id":"https:\/\/puhtipalvelut.fi\/#organization"},"potentialAction":[{"@type":"SearchAction","target":{"@type":"EntryPoint","urlTemplate":"https:\/\/puhtipalvelut.fi\/?s={search_term_string}"},"query-input":{"@type":"PropertyValueSpecification","valueRequired":true,"valueName":"search_term_string"}}],"inLanguage":"fi"},{"@type":"Organization","@id":"https:\/\/puhtipalvelut.fi\/#organization","name":"PUHTI \u2013 Puhdistus- ja pinnoituspalvelut r\u00e4\u00e4t\u00e4l\u00f6idysti tarpeisiisi!","url":"https:\/\/puhtipalvelut.fi\/","logo":{"@type":"ImageObject","inLanguage":"fi","@id":"https:\/\/puhtipalvelut.fi\/#\/schema\/logo\/image\/","url":"https:\/\/puhtipalvelut.fi\/wp-content\/uploads\/2025\/03\/PUHTI_transparent.png","contentUrl":"https:\/\/puhtipalvelut.fi\/wp-content\/uploads\/2025\/03\/PUHTI_transparent.png","width":1200,"height":1200,"caption":"PUHTI \u2013 Puhdistus- ja pinnoituspalvelut r\u00e4\u00e4t\u00e4l\u00f6idysti tarpeisiisi!"},"image":{"@id":"https:\/\/puhtipalvelut.fi\/#\/schema\/logo\/image\/"},"sameAs":["https:\/\/www.facebook.com\/profile.php?id=61560454320135#","https:\/\/fi.linkedin.com\/company\/puhtipalvelut"]}]}},"_links":{"self":[{"href":"https:\/\/puhtipalvelut.fi\/index.php?rest_route=\/wp\/v2\/pages\/2","targetHints":{"allow":["GET"]}}],"collection":[{"href":"https:\/\/puhtipalvelut.fi\/index.php?rest_route=\/wp\/v2\/pages"}],"about":[{"href":"https:\/\/puhtipalvelut.fi\/index.php?rest_route=\/wp\/v2\/types\/page"}],"author":[{"embeddable":true,"href":"https:\/\/puhtipalvelut.fi\/index.php?rest_route=\/wp\/v2\/users\/1"}],"replies":[{"embeddable":true,"href":"https:\/\/puhtipalvelut.fi\/index.php?rest_route=%2Fwp%2Fv2%2Fcomments&post=2"}],"version-history":[{"count":8,"href":"https:\/\/puhtipalvelut.fi\/index.php?rest_route=\/wp\/v2\/pages\/2\/revisions"}],"predecessor-version":[{"id":140,"href":"https:\/\/puhtipalvelut.fi\/index.php?rest_route=\/wp\/v2\/pages\/2\/revisions\/140"}],"wp:attachment":[{"href":"https:\/\/puhtipalvelut.fi\/index.php?rest_route=%2Fwp%2Fv2%2Fmedia&parent=2"}],"curies":[{"name":"wp","href":"https:\/\/api.w.org\/{rel}","templated":true}]}}